{"id":1979,"date":"2022-01-26T14:18:02","date_gmt":"2022-01-26T14:18:02","guid":{"rendered":"https:\/\/siljasdesign.com\/product\/cottongrass-bracelet\/"},"modified":"2023-01-10T07:58:09","modified_gmt":"2023-01-10T07:58:09","slug":"rannekoru-tupasvilla","status":"publish","type":"product","link":"https:\/\/siljasdesign.com\/en\/product\/rannekoru-tupasvilla\/","title":{"rendered":"Cottongrass bracelet"},"content":{"rendered":"","protected":false},"excerpt":{"rendered":"<p>In the lap of the expansive swamp.<br \/>\nBy the ancient land.<br \/>\nCottongrass sways in the wind quietly.<br \/>\nMakes you relax.<\/p>\n<p>Matte bracelet made of 925 silver.<br \/>\nThe bracelet is available in two sizes.<br \/>\nSize: 18mm x 170mm or 18mm x 190mm<\/p>\n","protected":false},"featured_media":2944,"comment_status":"open","ping_status":"closed","template":"","meta":[],"product_brand":[],"product_cat":[79,83,98],"product_tag":[],"class_list":{"0":"post-1979","1":"product","2":"type-product","3":"status-publish","4":"has-post-thumbnail","6":"product_cat-all","7":"product_cat-bracelets","8":"product_cat-cottongrass","10":"first","11":"outofstock","12":"taxable","13":"shipping-taxable","14":"purchasable","15":"product-type-variable"},"yoast_head":"<!-- This site is optimized with the Yoast SEO plugin v27.5 - https:\/\/yoast.com\/product\/yoast-seo-wordpress\/ -->\n<title>Cottongrass bracelet - Siljas Design<\/title>\n<meta name=\"robots\" content=\"index, follow, max-snippet:-1, max-image-preview:large, max-video-preview:-1\" \/>\n<link rel=\"canonical\" href=\"https:\/\/siljasdesign.com\/en\/product\/rannekoru-tupasvilla\/\" \/>\n<meta property=\"og:locale\" content=\"en_US\" \/>\n<meta property=\"og:type\" content=\"article\" \/>\n<meta property=\"og:title\" content=\"Cottongrass bracelet - Siljas Design\" \/>\n<meta property=\"og:description\" content=\"In the lap of the expansive swamp. By the ancient land. Cottongrass sways in the wind quietly. Makes you relax. Matte bracelet made of 925 silver. The bracelet is available in two sizes. Size: 18mm x 170mm or 18mm x 190mm\" \/>\n<meta property=\"og:url\" content=\"https:\/\/siljasdesign.com\/en\/product\/rannekoru-tupasvilla\/\" \/>\n<meta property=\"og:site_name\" content=\"Siljas Design\" \/>\n<meta property=\"article:publisher\" content=\"https:\/\/www.facebook.com\/profile.php?id=100067381436710\" \/>\n<meta property=\"article:modified_time\" content=\"2023-01-10T07:58:09+00:00\" \/>\n<meta property=\"og:image\" content=\"https:\/\/siljasdesign.com\/wp-content\/uploads\/2022\/01\/SiljasDesign_product_032-scaled.jpg\" \/>\n\t<meta property=\"og:image:width\" content=\"2560\" \/>\n\t<meta property=\"og:image:height\" content=\"2560\" \/>\n\t<meta property=\"og:image:type\" content=\"image\/jpeg\" \/>\n<meta name=\"twitter:card\" content=\"summary_large_image\" \/>\n<script type=\"application\/ld+json\" class=\"yoast-schema-graph\">{\"@context\":\"https:\\\/\\\/schema.org\",\"@graph\":[{\"@type\":\"WebPage\",\"@id\":\"https:\\\/\\\/siljasdesign.com\\\/en\\\/product\\\/rannekoru-tupasvilla\\\/\",\"url\":\"https:\\\/\\\/siljasdesign.com\\\/en\\\/product\\\/rannekoru-tupasvilla\\\/\",\"name\":\"Cottongrass bracelet - Siljas Design\",\"isPartOf\":{\"@id\":\"https:\\\/\\\/siljasdesign.com\\\/en\\\/#website\"},\"primaryImageOfPage\":{\"@id\":\"https:\\\/\\\/siljasdesign.com\\\/en\\\/product\\\/rannekoru-tupasvilla\\\/#primaryimage\"},\"image\":{\"@id\":\"https:\\\/\\\/siljasdesign.com\\\/en\\\/product\\\/rannekoru-tupasvilla\\\/#primaryimage\"},\"thumbnailUrl\":\"https:\\\/\\\/siljasdesign.com\\\/wp-content\\\/uploads\\\/2022\\\/01\\\/P9020271-scaled.jpg\",\"datePublished\":\"2022-01-26T14:18:02+00:00\",\"dateModified\":\"2023-01-10T07:58:09+00:00\",\"breadcrumb\":{\"@id\":\"https:\\\/\\\/siljasdesign.com\\\/en\\\/product\\\/rannekoru-tupasvilla\\\/#breadcrumb\"},\"inLanguage\":\"en-US\",\"potentialAction\":[{\"@type\":\"ReadAction\",\"target\":[\"https:\\\/\\\/siljasdesign.com\\\/en\\\/product\\\/rannekoru-tupasvilla\\\/\"]}]},{\"@type\":\"ImageObject\",\"inLanguage\":\"en-US\",\"@id\":\"https:\\\/\\\/siljasdesign.com\\\/en\\\/product\\\/rannekoru-tupasvilla\\\/#primaryimage\",\"url\":\"https:\\\/\\\/siljasdesign.com\\\/wp-content\\\/uploads\\\/2022\\\/01\\\/P9020271-scaled.jpg\",\"contentUrl\":\"https:\\\/\\\/siljasdesign.com\\\/wp-content\\\/uploads\\\/2022\\\/01\\\/P9020271-scaled.jpg\",\"width\":2547,\"height\":2560,\"caption\":\"hopeinen rannekoru tupasvilla korusarja\"},{\"@type\":\"BreadcrumbList\",\"@id\":\"https:\\\/\\\/siljasdesign.com\\\/en\\\/product\\\/rannekoru-tupasvilla\\\/#breadcrumb\",\"itemListElement\":[{\"@type\":\"ListItem\",\"position\":1,\"name\":\"Etusivu\",\"item\":\"https:\\\/\\\/siljasdesign.com\\\/en\\\/\"},{\"@type\":\"ListItem\",\"position\":2,\"name\":\"Shop\",\"item\":\"https:\\\/\\\/siljasdesign.com\\\/shop\\\/\"},{\"@type\":\"ListItem\",\"position\":3,\"name\":\"Cottongrass bracelet\"}]},{\"@type\":\"WebSite\",\"@id\":\"https:\\\/\\\/siljasdesign.com\\\/en\\\/#website\",\"url\":\"https:\\\/\\\/siljasdesign.com\\\/en\\\/\",\"name\":\"Siljas Design\",\"description\":\"K\u00e4sintehdyist\u00e4 koruistani l\u00f6yd\u00e4t luonnon\",\"publisher\":{\"@id\":\"https:\\\/\\\/siljasdesign.com\\\/en\\\/#organization\"},\"alternateName\":\"Suomalaiset k\u00e4sintehdyt korut\",\"potentialAction\":[{\"@type\":\"SearchAction\",\"target\":{\"@type\":\"EntryPoint\",\"urlTemplate\":\"https:\\\/\\\/siljasdesign.com\\\/en\\\/?s={search_term_string}\"},\"query-input\":{\"@type\":\"PropertyValueSpecification\",\"valueRequired\":true,\"valueName\":\"search_term_string\"}}],\"inLanguage\":\"en-US\"},{\"@type\":\"Organization\",\"@id\":\"https:\\\/\\\/siljasdesign.com\\\/en\\\/#organization\",\"name\":\"Silja's Design\",\"alternateName\":\"Suomalaisia k\u00e4sintehtyj\u00e4 koruja\",\"url\":\"https:\\\/\\\/siljasdesign.com\\\/en\\\/\",\"logo\":{\"@type\":\"ImageObject\",\"inLanguage\":\"en-US\",\"@id\":\"https:\\\/\\\/siljasdesign.com\\\/en\\\/#\\\/schema\\\/logo\\\/image\\\/\",\"url\":\"https:\\\/\\\/siljasdesign.com\\\/wp-content\\\/uploads\\\/2021\\\/11\\\/footer-logo-1.jpg\",\"contentUrl\":\"https:\\\/\\\/siljasdesign.com\\\/wp-content\\\/uploads\\\/2021\\\/11\\\/footer-logo-1.jpg\",\"width\":344,\"height\":332,\"caption\":\"Silja's Design\"},\"image\":{\"@id\":\"https:\\\/\\\/siljasdesign.com\\\/en\\\/#\\\/schema\\\/logo\\\/image\\\/\"},\"sameAs\":[\"https:\\\/\\\/www.facebook.com\\\/profile.php?id=100067381436710\",\"https:\\\/\\\/www.instagram.com\\\/siljasdesign\\\/\"]}]}<\/script>\n<!-- \/ Yoast SEO plugin. -->","yoast_head_json":{"title":"Cottongrass bracelet - Siljas Design","robots":{"index":"index","follow":"follow","max-snippet":"max-snippet:-1","max-image-preview":"max-image-preview:large","max-video-preview":"max-video-preview:-1"},"canonical":"https:\/\/siljasdesign.com\/en\/product\/rannekoru-tupasvilla\/","og_locale":"en_US","og_type":"article","og_title":"Cottongrass bracelet - Siljas Design","og_description":"In the lap of the expansive swamp. By the ancient land. Cottongrass sways in the wind quietly. Makes you relax. Matte bracelet made of 925 silver. The bracelet is available in two sizes. Size: 18mm x 170mm or 18mm x 190mm","og_url":"https:\/\/siljasdesign.com\/en\/product\/rannekoru-tupasvilla\/","og_site_name":"Siljas Design","article_publisher":"https:\/\/www.facebook.com\/profile.php?id=100067381436710","article_modified_time":"2023-01-10T07:58:09+00:00","og_image":[{"width":2560,"height":2560,"url":"https:\/\/siljasdesign.com\/wp-content\/uploads\/2022\/01\/SiljasDesign_product_032-scaled.jpg","type":"image\/jpeg"}],"twitter_card":"summary_large_image","schema":{"@context":"https:\/\/schema.org","@graph":[{"@type":"WebPage","@id":"https:\/\/siljasdesign.com\/en\/product\/rannekoru-tupasvilla\/","url":"https:\/\/siljasdesign.com\/en\/product\/rannekoru-tupasvilla\/","name":"Cottongrass bracelet - Siljas Design","isPartOf":{"@id":"https:\/\/siljasdesign.com\/en\/#website"},"primaryImageOfPage":{"@id":"https:\/\/siljasdesign.com\/en\/product\/rannekoru-tupasvilla\/#primaryimage"},"image":{"@id":"https:\/\/siljasdesign.com\/en\/product\/rannekoru-tupasvilla\/#primaryimage"},"thumbnailUrl":"https:\/\/siljasdesign.com\/wp-content\/uploads\/2022\/01\/P9020271-scaled.jpg","datePublished":"2022-01-26T14:18:02+00:00","dateModified":"2023-01-10T07:58:09+00:00","breadcrumb":{"@id":"https:\/\/siljasdesign.com\/en\/product\/rannekoru-tupasvilla\/#breadcrumb"},"inLanguage":"en-US","potentialAction":[{"@type":"ReadAction","target":["https:\/\/siljasdesign.com\/en\/product\/rannekoru-tupasvilla\/"]}]},{"@type":"ImageObject","inLanguage":"en-US","@id":"https:\/\/siljasdesign.com\/en\/product\/rannekoru-tupasvilla\/#primaryimage","url":"https:\/\/siljasdesign.com\/wp-content\/uploads\/2022\/01\/P9020271-scaled.jpg","contentUrl":"https:\/\/siljasdesign.com\/wp-content\/uploads\/2022\/01\/P9020271-scaled.jpg","width":2547,"height":2560,"caption":"hopeinen rannekoru tupasvilla korusarja"},{"@type":"BreadcrumbList","@id":"https:\/\/siljasdesign.com\/en\/product\/rannekoru-tupasvilla\/#breadcrumb","itemListElement":[{"@type":"ListItem","position":1,"name":"Etusivu","item":"https:\/\/siljasdesign.com\/en\/"},{"@type":"ListItem","position":2,"name":"Shop","item":"https:\/\/siljasdesign.com\/shop\/"},{"@type":"ListItem","position":3,"name":"Cottongrass bracelet"}]},{"@type":"WebSite","@id":"https:\/\/siljasdesign.com\/en\/#website","url":"https:\/\/siljasdesign.com\/en\/","name":"Siljas Design","description":"K\u00e4sintehdyist\u00e4 koruistani l\u00f6yd\u00e4t luonnon","publisher":{"@id":"https:\/\/siljasdesign.com\/en\/#organization"},"alternateName":"Suomalaiset k\u00e4sintehdyt korut","potentialAction":[{"@type":"SearchAction","target":{"@type":"EntryPoint","urlTemplate":"https:\/\/siljasdesign.com\/en\/?s={search_term_string}"},"query-input":{"@type":"PropertyValueSpecification","valueRequired":true,"valueName":"search_term_string"}}],"inLanguage":"en-US"},{"@type":"Organization","@id":"https:\/\/siljasdesign.com\/en\/#organization","name":"Silja's Design","alternateName":"Suomalaisia k\u00e4sintehtyj\u00e4 koruja","url":"https:\/\/siljasdesign.com\/en\/","logo":{"@type":"ImageObject","inLanguage":"en-US","@id":"https:\/\/siljasdesign.com\/en\/#\/schema\/logo\/image\/","url":"https:\/\/siljasdesign.com\/wp-content\/uploads\/2021\/11\/footer-logo-1.jpg","contentUrl":"https:\/\/siljasdesign.com\/wp-content\/uploads\/2021\/11\/footer-logo-1.jpg","width":344,"height":332,"caption":"Silja's Design"},"image":{"@id":"https:\/\/siljasdesign.com\/en\/#\/schema\/logo\/image\/"},"sameAs":["https:\/\/www.facebook.com\/profile.php?id=100067381436710","https:\/\/www.instagram.com\/siljasdesign\/"]}]}},"_links":{"self":[{"href":"https:\/\/siljasdesign.com\/en\/wp-json\/wp\/v2\/product\/1979","targetHints":{"allow":["GET"]}}],"collection":[{"href":"https:\/\/siljasdesign.com\/en\/wp-json\/wp\/v2\/product"}],"about":[{"href":"https:\/\/siljasdesign.com\/en\/wp-json\/wp\/v2\/types\/product"}],"replies":[{"embeddable":true,"href":"https:\/\/siljasdesign.com\/en\/wp-json\/wp\/v2\/comments?post=1979"}],"wp:featuredmedia":[{"embeddable":true,"href":"https:\/\/siljasdesign.com\/en\/wp-json\/wp\/v2\/media\/2944"}],"wp:attachment":[{"href":"https:\/\/siljasdesign.com\/en\/wp-json\/wp\/v2\/media?parent=1979"}],"wp:term":[{"taxonomy":"product_brand","embeddable":true,"href":"https:\/\/siljasdesign.com\/en\/wp-json\/wp\/v2\/product_brand?post=1979"},{"taxonomy":"product_cat","embeddable":true,"href":"https:\/\/siljasdesign.com\/en\/wp-json\/wp\/v2\/product_cat?post=1979"},{"taxonomy":"product_tag","embeddable":true,"href":"https:\/\/siljasdesign.com\/en\/wp-json\/wp\/v2\/product_tag?post=1979"}],"curies":[{"name":"wp","href":"https:\/\/api.w.org\/{rel}","templated":true}]}}