{"id":1767,"date":"2022-11-28T10:47:27","date_gmt":"2022-11-28T10:47:27","guid":{"rendered":"https:\/\/siljasdesign.com\/privacy-statement\/"},"modified":"2022-11-28T10:47:27","modified_gmt":"2022-11-28T10:47:27","slug":"privacy-statement","status":"publish","type":"page","link":"https:\/\/siljasdesign.com\/en\/privacy-statement\/","title":{"rendered":"Privacy statement"},"content":{"rendered":"\n<section id=\"gm41308f6\" class=\"wp-block-gutentor-m3 alignfull section-gm41308f6 gutentor-module gutentor-container-cover has-color-bg has-custom-bg\"><div class=\"grid-container\">\n<div id=\"section-g5796cc\" class=\"wp-block-gutentor-e1 section-g5796cc gutentor-element gutentor-element-advanced-text text-align-center-desktop\"><div class=\"gutentor-text-wrap\"><h1 class=\"gutentor-text\">Privacy statement<\/h1><\/div><\/div>\n<\/div><\/section>\n\n<section id=\"gm64d15e4\" class=\"wp-block-gutentor-m3 alignfull section-gm64d15e4 gutentor-module gutentor-container-cover has-color-bg has-custom-bg\"><div class=\"grid-container\">\n<section id=\"gma747eed\" class=\"wp-block-gutentor-m3 section-gma747eed gutentor-module gutentor-container-cover\"><div class=\"grid-container\">\n<div id=\"section-gbe29e6\" class=\"wp-block-gutentor-e0 section-gbe29e6 gutentor-element gutentor-element-advanced-text\"><div class=\"gutentor-text-wrap\"><p class=\"gutentor-text\"><strong>Data controller\u2019s contact details<\/strong><br><br>Silja Kivioja<br>Siljas Design (y-tunnus: FI32070468)<br>Airakselantie 1173<br>71490 Airaksela<br><a href=\"mailto:info@yritysoy.com\" target=\"_blank\" rel=\"noreferrer noopener\">info@siljasdesign.com<\/a><br><br><strong>What information is collected?<\/strong><br><br>We collect the following information of our registered customers: first and last name; postal address; area code; country of residence; email address; phone number; communication language; and payment currency. In case of business customers, we also collect the company name, business ID and VAT ID<br>We also collect the data provided by the customer during an online order, such as order and delivery history, payment method and delivery method.<br><br><strong>For what purposes are we using your data?<\/strong><br><br><strong>Personal information is used for:<\/strong><br><br>Nurishing the customer relationship<br>Processing and handling of your order as well as upkeeping an order history<br>Statistical purposes<br>Marketing purposes<br>We will process your data based on the agreement, consent or legitimate interest.<br>Our data processing procedure in fully compliant with the GDPR legislation of the EU.<br><br><strong>The retention period for personal data<\/strong><br><br>We retain your personal data only for the necessary time period<br>In addition, some data may be retained longer in order to abide to the law, regarding filling certain mandatory duties such as book-keeping and handling of commercial trade responsibilities<br><br><strong>Data disclosures to third parties<\/strong><br><br>We disclose your personal data to our partner operators in logistics and payment transaction, in order to enable the operation of our web shop.<br><br><strong>Customer\u2019s rights<\/strong><br><br>As a customer, you have the following rights:<\/p><\/div><\/div>\n\n\n\n<ul class=\"wp-block-list\"><li>Right to check your data<\/li><li>Right to correct<\/li><li>Right to cancel your consent<\/li><li>Right to deletion<\/li><\/ul>\n\n\n<p>This privacy policy has been formulated Oct 10, 2021<\/p>\n<\/div><\/section>\n<\/div><\/section>\n","protected":false},"excerpt":{"rendered":"","protected":false},"author":1,"featured_media":0,"parent":0,"menu_order":0,"comment_status":"closed","ping_status":"closed","template":"","meta":{"footnotes":""},"class_list":["post-1767","page","type-page","status-publish"],"yoast_head":"<!-- This site is optimized with the Yoast SEO plugin v27.5 - https:\/\/yoast.com\/product\/yoast-seo-wordpress\/ -->\n<title>Privacy statement - Siljas Design<\/title>\n<meta name=\"robots\" content=\"index, follow, max-snippet:-1, max-image-preview:large, max-video-preview:-1\" \/>\n<link rel=\"canonical\" href=\"https:\/\/siljasdesign.com\/en\/privacy-statement\/\" \/>\n<meta property=\"og:locale\" content=\"en_US\" \/>\n<meta property=\"og:type\" content=\"article\" \/>\n<meta property=\"og:title\" content=\"Privacy statement - Siljas Design\" \/>\n<meta property=\"og:url\" content=\"https:\/\/siljasdesign.com\/en\/privacy-statement\/\" \/>\n<meta property=\"og:site_name\" content=\"Siljas Design\" \/>\n<meta property=\"article:publisher\" content=\"https:\/\/www.facebook.com\/profile.php?id=100067381436710\" \/>\n<meta name=\"twitter:card\" content=\"summary_large_image\" \/>\n<meta name=\"twitter:label1\" content=\"Est. reading time\" \/>\n\t<meta name=\"twitter:data1\" content=\"1 minute\" \/>\n<script type=\"application\/ld+json\" class=\"yoast-schema-graph\">{\"@context\":\"https:\\\/\\\/schema.org\",\"@graph\":[{\"@type\":\"WebPage\",\"@id\":\"https:\\\/\\\/siljasdesign.com\\\/en\\\/privacy-statement\\\/\",\"url\":\"https:\\\/\\\/siljasdesign.com\\\/en\\\/privacy-statement\\\/\",\"name\":\"Privacy statement - Siljas Design\",\"isPartOf\":{\"@id\":\"https:\\\/\\\/siljasdesign.com\\\/en\\\/#website\"},\"datePublished\":\"2022-11-28T10:47:27+00:00\",\"breadcrumb\":{\"@id\":\"https:\\\/\\\/siljasdesign.com\\\/en\\\/privacy-statement\\\/#breadcrumb\"},\"inLanguage\":\"en-US\",\"potentialAction\":[{\"@type\":\"ReadAction\",\"target\":[\"https:\\\/\\\/siljasdesign.com\\\/en\\\/privacy-statement\\\/\"]}]},{\"@type\":\"BreadcrumbList\",\"@id\":\"https:\\\/\\\/siljasdesign.com\\\/en\\\/privacy-statement\\\/#breadcrumb\",\"itemListElement\":[{\"@type\":\"ListItem\",\"position\":1,\"name\":\"Etusivu\",\"item\":\"https:\\\/\\\/siljasdesign.com\\\/en\\\/\"},{\"@type\":\"ListItem\",\"position\":2,\"name\":\"Privacy statement\"}]},{\"@type\":\"WebSite\",\"@id\":\"https:\\\/\\\/siljasdesign.com\\\/en\\\/#website\",\"url\":\"https:\\\/\\\/siljasdesign.com\\\/en\\\/\",\"name\":\"Siljas Design\",\"description\":\"K\u00e4sintehdyist\u00e4 koruistani l\u00f6yd\u00e4t luonnon\",\"publisher\":{\"@id\":\"https:\\\/\\\/siljasdesign.com\\\/en\\\/#organization\"},\"alternateName\":\"Suomalaiset k\u00e4sintehdyt korut\",\"potentialAction\":[{\"@type\":\"SearchAction\",\"target\":{\"@type\":\"EntryPoint\",\"urlTemplate\":\"https:\\\/\\\/siljasdesign.com\\\/en\\\/?s={search_term_string}\"},\"query-input\":{\"@type\":\"PropertyValueSpecification\",\"valueRequired\":true,\"valueName\":\"search_term_string\"}}],\"inLanguage\":\"en-US\"},{\"@type\":\"Organization\",\"@id\":\"https:\\\/\\\/siljasdesign.com\\\/en\\\/#organization\",\"name\":\"Silja's Design\",\"alternateName\":\"Suomalaisia k\u00e4sintehtyj\u00e4 koruja\",\"url\":\"https:\\\/\\\/siljasdesign.com\\\/en\\\/\",\"logo\":{\"@type\":\"ImageObject\",\"inLanguage\":\"en-US\",\"@id\":\"https:\\\/\\\/siljasdesign.com\\\/en\\\/#\\\/schema\\\/logo\\\/image\\\/\",\"url\":\"https:\\\/\\\/siljasdesign.com\\\/wp-content\\\/uploads\\\/2021\\\/11\\\/footer-logo-1.jpg\",\"contentUrl\":\"https:\\\/\\\/siljasdesign.com\\\/wp-content\\\/uploads\\\/2021\\\/11\\\/footer-logo-1.jpg\",\"width\":344,\"height\":332,\"caption\":\"Silja's Design\"},\"image\":{\"@id\":\"https:\\\/\\\/siljasdesign.com\\\/en\\\/#\\\/schema\\\/logo\\\/image\\\/\"},\"sameAs\":[\"https:\\\/\\\/www.facebook.com\\\/profile.php?id=100067381436710\",\"https:\\\/\\\/www.instagram.com\\\/siljasdesign\\\/\"]}]}<\/script>\n<!-- \/ Yoast SEO plugin. -->","yoast_head_json":{"title":"Privacy statement - Siljas Design","robots":{"index":"index","follow":"follow","max-snippet":"max-snippet:-1","max-image-preview":"max-image-preview:large","max-video-preview":"max-video-preview:-1"},"canonical":"https:\/\/siljasdesign.com\/en\/privacy-statement\/","og_locale":"en_US","og_type":"article","og_title":"Privacy statement - Siljas Design","og_url":"https:\/\/siljasdesign.com\/en\/privacy-statement\/","og_site_name":"Siljas Design","article_publisher":"https:\/\/www.facebook.com\/profile.php?id=100067381436710","twitter_card":"summary_large_image","twitter_misc":{"Est. reading time":"1 minute"},"schema":{"@context":"https:\/\/schema.org","@graph":[{"@type":"WebPage","@id":"https:\/\/siljasdesign.com\/en\/privacy-statement\/","url":"https:\/\/siljasdesign.com\/en\/privacy-statement\/","name":"Privacy statement - Siljas Design","isPartOf":{"@id":"https:\/\/siljasdesign.com\/en\/#website"},"datePublished":"2022-11-28T10:47:27+00:00","breadcrumb":{"@id":"https:\/\/siljasdesign.com\/en\/privacy-statement\/#breadcrumb"},"inLanguage":"en-US","potentialAction":[{"@type":"ReadAction","target":["https:\/\/siljasdesign.com\/en\/privacy-statement\/"]}]},{"@type":"BreadcrumbList","@id":"https:\/\/siljasdesign.com\/en\/privacy-statement\/#breadcrumb","itemListElement":[{"@type":"ListItem","position":1,"name":"Etusivu","item":"https:\/\/siljasdesign.com\/en\/"},{"@type":"ListItem","position":2,"name":"Privacy statement"}]},{"@type":"WebSite","@id":"https:\/\/siljasdesign.com\/en\/#website","url":"https:\/\/siljasdesign.com\/en\/","name":"Siljas Design","description":"K\u00e4sintehdyist\u00e4 koruistani l\u00f6yd\u00e4t luonnon","publisher":{"@id":"https:\/\/siljasdesign.com\/en\/#organization"},"alternateName":"Suomalaiset k\u00e4sintehdyt korut","potentialAction":[{"@type":"SearchAction","target":{"@type":"EntryPoint","urlTemplate":"https:\/\/siljasdesign.com\/en\/?s={search_term_string}"},"query-input":{"@type":"PropertyValueSpecification","valueRequired":true,"valueName":"search_term_string"}}],"inLanguage":"en-US"},{"@type":"Organization","@id":"https:\/\/siljasdesign.com\/en\/#organization","name":"Silja's Design","alternateName":"Suomalaisia k\u00e4sintehtyj\u00e4 koruja","url":"https:\/\/siljasdesign.com\/en\/","logo":{"@type":"ImageObject","inLanguage":"en-US","@id":"https:\/\/siljasdesign.com\/en\/#\/schema\/logo\/image\/","url":"https:\/\/siljasdesign.com\/wp-content\/uploads\/2021\/11\/footer-logo-1.jpg","contentUrl":"https:\/\/siljasdesign.com\/wp-content\/uploads\/2021\/11\/footer-logo-1.jpg","width":344,"height":332,"caption":"Silja's Design"},"image":{"@id":"https:\/\/siljasdesign.com\/en\/#\/schema\/logo\/image\/"},"sameAs":["https:\/\/www.facebook.com\/profile.php?id=100067381436710","https:\/\/www.instagram.com\/siljasdesign\/"]}]}},"_links":{"self":[{"href":"https:\/\/siljasdesign.com\/en\/wp-json\/wp\/v2\/pages\/1767","targetHints":{"allow":["GET"]}}],"collection":[{"href":"https:\/\/siljasdesign.com\/en\/wp-json\/wp\/v2\/pages"}],"about":[{"href":"https:\/\/siljasdesign.com\/en\/wp-json\/wp\/v2\/types\/page"}],"author":[{"embeddable":true,"href":"https:\/\/siljasdesign.com\/en\/wp-json\/wp\/v2\/users\/1"}],"replies":[{"embeddable":true,"href":"https:\/\/siljasdesign.com\/en\/wp-json\/wp\/v2\/comments?post=1767"}],"version-history":[{"count":1,"href":"https:\/\/siljasdesign.com\/en\/wp-json\/wp\/v2\/pages\/1767\/revisions"}],"predecessor-version":[{"id":1768,"href":"https:\/\/siljasdesign.com\/en\/wp-json\/wp\/v2\/pages\/1767\/revisions\/1768"}],"wp:attachment":[{"href":"https:\/\/siljasdesign.com\/en\/wp-json\/wp\/v2\/media?parent=1767"}],"curies":[{"name":"wp","href":"https:\/\/api.w.org\/{rel}","templated":true}]}}