{"id":1628,"date":"2022-02-17T09:39:21","date_gmt":"2022-02-17T09:39:21","guid":{"rendered":"https:\/\/siljasdesign.com\/about-me\/"},"modified":"2022-02-23T11:48:19","modified_gmt":"2022-02-23T11:48:19","slug":"about-me","status":"publish","type":"page","link":"https:\/\/siljasdesign.com\/en\/about-me\/","title":{"rendered":"About me"},"content":{"rendered":"\n<section id=\"gmd27dc85\" class=\"wp-block-gutentor-m3 alignfull section-gmd27dc85 gutentor-module gutentor-container-cover has-color-bg has-custom-bg\"><div class=\"grid-container\">\n<div id=\"section-gaf507e\" class=\"wp-block-gutentor-e1 section-gaf507e gutentor-element gutentor-element-advanced-text text-align-center-desktop\"><div class=\"gutentor-text-wrap\"><h1 class=\"gutentor-text\">About me<\/h1><\/div><\/div>\n<\/div><\/section>\n\n\n\n<section id=\"gm0924aff\" class=\"wp-block-gutentor-m3 alignfull section-gm0924aff gutentor-module gutentor-container-cover has-color-bg has-custom-bg g-c-r-valign-mobile g-c-r-valign-tablet g-valign-c-desktop\"><div class=\"grid-container\">\n<section id=\"gm4193242\" class=\"wp-block-gutentor-m4 section-gm4193242 gutentor-module gutentor-advanced-columns g-c-r-valign-mobile g-c-r-valign-tablet g-valign-c-desktop item-center\"><div class=\"grid-container\"><div class=\"grid-row\">\n<div id=\"col-gm80ffe6\" class=\"wp-block-gutentor-m4-col col-gm80ffe6 gutentor-single-column  grid-lg-6 grid-md-12 grid-12\"><div id=\"section-gm80ffe6\" class=\"section-gm80ffe6 gutentor-col-wrap\">\n<div id=\"section-gc4fd99\" class=\"wp-block-gutentor-e0 section-gc4fd99 gutentor-element gutentor-element-advanced-text about-para teksti\"><div class=\"gutentor-text-wrap\"><p class=\"gutentor-text\"><strong>Since from<\/strong> a young age, I knew to strive for entrepreneurship. While the other children played with dolls, I designed my own collections. At age of 15, I was selling jewellery of my own making at events and market square. In 2016, I started my studies in Savonia University of Applied Sciences. with the aim to one day be at a place where I could be creating something beautiful for a living. After my graduation as a jeweller and precious metal designer in 2020. the next spring I fulfilled my dream to start up my own jewellery business \u2013 Silja\u2019s Design.<\/p><\/div><\/div>\n\n\n\n<hr class=\"wp-block-separator has-text-color has-background has-base-3-background-color has-base-3-color is-style-default\" \/>\n<\/div><\/div>\n\n\n\n<div id=\"col-gm605219\" class=\"wp-block-gutentor-m4-col col-gm605219 gutentor-single-column  grid-lg-6 grid-md-12 grid-12\"><div id=\"section-gm605219\" class=\"section-gm605219 gutentor-col-wrap\">\n<div id=\"section-g89a173\" class=\"wp-block-gutentor-e6 section-g89a173 gutentor-element gutentor-element-image\"><div class=\"gutentor-element-image-box\"><div class=\"gutentor-image-thumb\"><img decoding=\"async\" class=\"normal-image\" src=\"https:\/\/siljasdesign.com\/wp-content\/uploads\/2021\/11\/pic01.jpg\" \/><\/div><\/div><\/div>\n<\/div><\/div>\n<\/div><\/div><\/section>\n<\/div><\/section>\n\n\n\n<section id=\"gm8eada97\" class=\"wp-block-gutentor-m3 alignfull section-gm8eada97 gutentor-module gutentor-container-cover has-color-bg has-custom-bg g-c-r-valign-mobile g-c-r-valign-tablet g-valign-c-desktop\"><div class=\"grid-container\">\n<section id=\"gmd06dc78\" class=\"wp-block-gutentor-m4 section-gmd06dc78 gutentor-module gutentor-advanced-columns g-c-r-valign-mobile g-c-r-valign-tablet g-valign-c-desktop item-center\"><div class=\"grid-container\"><div class=\"grid-row\">\n<div id=\"col-gm5abe7b\" class=\"wp-block-gutentor-m4-col col-gm5abe7b gutentor-single-column  grid-lg-6 grid-md-12 grid-12\"><div id=\"section-gm5abe7b\" class=\"section-gm5abe7b gutentor-col-wrap\">\n<div id=\"section-g2b904c\" class=\"wp-block-gutentor-e6 section-g2b904c gutentor-element gutentor-element-image  d-none d-md-block d-lg-block\"><div class=\"gutentor-element-image-box\"><div class=\"gutentor-image-thumb\"><img decoding=\"async\" class=\"normal-image\" src=\"https:\/\/siljasdesign.com\/wp-content\/uploads\/2021\/11\/pic02.jpg\" \/><\/div><\/div><\/div>\n<\/div><\/div>\n\n\n\n<div id=\"col-gm2b93bc\" class=\"wp-block-gutentor-m4-col col-gm2b93bc gutentor-single-column  grid-lg-6 grid-md-12 grid-12\"><div id=\"section-gm2b93bc\" class=\"section-gm2b93bc gutentor-col-wrap\">\n<div id=\"section-gc6fe7e\" class=\"wp-block-gutentor-e0 section-gc6fe7e gutentor-element gutentor-element-advanced-text about-para teksti\"><div class=\"gutentor-text-wrap\"><p class=\"gutentor-text\"><strong>Silja\u2019s<\/strong> Design brings the most beautiful moments and tranquillity of nature into jewels. Nature gives us strength, peace and freedom. These three themes are also embodied in my jewellery to remind us of the unforgettable moments that nature offers.<\/p><\/div><\/div>\n\n\n\n<hr class=\"wp-block-separator has-text-color has-background has-base-3-background-color has-base-3-color is-style-default\" \/>\n\n\n\n<div id=\"section-gde5651\" class=\"wp-block-gutentor-e6 section-gde5651 gutentor-element gutentor-element-image d-lg-none d-md-none\"><div class=\"gutentor-element-image-box\"><div class=\"gutentor-image-thumb\"><img decoding=\"async\" class=\"normal-image\" src=\"https:\/\/siljasdesign.com\/wp-content\/uploads\/2021\/11\/pic02.jpg\" \/><\/div><\/div><\/div>\n<\/div><\/div>\n<\/div><\/div><\/section>\n<\/div><\/section>\n\n\n\n<section id=\"gmaf04fc0\" class=\"wp-block-gutentor-m3 alignfull section-gmaf04fc0 gutentor-module gutentor-container-cover has-color-bg has-custom-bg g-c-r-valign-mobile g-c-r-valign-tablet g-valign-c-desktop\"><div class=\"grid-container\">\n<section id=\"gmcfc5be5\" class=\"wp-block-gutentor-m4 section-gmcfc5be5 gutentor-module gutentor-advanced-columns g-c-r-valign-mobile g-c-r-valign-tablet g-valign-c-desktop item-center\"><div class=\"grid-container\"><div class=\"grid-row\">\n<div id=\"col-gmcbd075\" class=\"wp-block-gutentor-m4-col col-gmcbd075 gutentor-single-column  grid-lg-6 grid-md-12 grid-12\"><div id=\"section-gmcbd075\" class=\"section-gmcbd075 gutentor-col-wrap\">\n<div id=\"section-g1cde29\" class=\"wp-block-gutentor-e0 section-g1cde29 gutentor-element gutentor-element-advanced-text about-para teksti\"><div class=\"gutentor-text-wrap\"><p class=\"gutentor-text\"><strong>Nature<\/strong> is genuine. It doesn\u2019t divert, embellish or save us from tears \u2013 for better or for worse. Thus it is one of the most important things in my life. Nature always gives to its fullest. Similarly, each jewel and its story are a part of me and my memories. And now they can be a part of you too.<br><br>Silja\u2019s Design \u2013 Your Nature in Jewel.<\/p><\/div><\/div>\n\n\n\n<hr class=\"wp-block-separator has-text-color has-background has-base-3-background-color has-base-3-color is-style-default\" \/>\n<\/div><\/div>\n\n\n\n<div id=\"col-gm01b11a\" class=\"wp-block-gutentor-m4-col col-gm01b11a gutentor-single-column  grid-lg-6 grid-md-12 grid-12\"><div id=\"section-gm01b11a\" class=\"section-gm01b11a gutentor-col-wrap\">\n<div id=\"section-g928734\" class=\"wp-block-gutentor-e6 section-g928734 gutentor-element gutentor-element-image\"><div class=\"gutentor-element-image-box\"><div class=\"gutentor-image-thumb\"><img decoding=\"async\" class=\"normal-image\" src=\"https:\/\/siljasdesign.com\/wp-content\/uploads\/2021\/11\/pic03.jpg\" \/><\/div><\/div><\/div>\n<\/div><\/div>\n<\/div><\/div><\/section>\n\n\n\n<div id=\"section-g47ddac\" class=\"wp-block-gutentor-e2 section-g47ddac gutentor-element gutentor-element-button button-align-center-desktop button-align-center-tablet button-align-center-mobile\"><span class=\"gutentor-button-wrap\"><a class=\"gutentor-button gutentor-block-button gutentor-icon-hide\" href=\"https:\/\/siljasdesign.com\/en\/themes\/\" rel=\"\/teemat\/\"><i class=\"gutentor-button-icon fas fa-book\"><\/i><span>TO THE SHOP<\/span><\/a><\/span><\/div>\n<\/div><\/section>\n","protected":false},"excerpt":{"rendered":"","protected":false},"author":1,"featured_media":0,"parent":0,"menu_order":0,"comment_status":"closed","ping_status":"closed","template":"","meta":{"footnotes":""},"class_list":["post-1628","page","type-page","status-publish"],"yoast_head":"<!-- This site is optimized with the Yoast SEO plugin v27.4 - https:\/\/yoast.com\/product\/yoast-seo-wordpress\/ -->\n<title>About me - Siljas Design<\/title>\n<meta name=\"robots\" content=\"index, follow, max-snippet:-1, max-image-preview:large, max-video-preview:-1\" \/>\n<link rel=\"canonical\" href=\"https:\/\/siljasdesign.com\/en\/about-me\/\" \/>\n<meta property=\"og:locale\" content=\"en_US\" \/>\n<meta property=\"og:type\" content=\"article\" \/>\n<meta property=\"og:title\" content=\"About me - Siljas Design\" \/>\n<meta property=\"og:url\" content=\"https:\/\/siljasdesign.com\/en\/about-me\/\" \/>\n<meta property=\"og:site_name\" content=\"Siljas Design\" \/>\n<meta property=\"article:publisher\" content=\"https:\/\/www.facebook.com\/profile.php?id=100067381436710\" \/>\n<meta property=\"article:modified_time\" content=\"2022-02-23T11:48:19+00:00\" \/>\n<meta property=\"og:image\" content=\"https:\/\/siljasdesign.com\/wp-content\/uploads\/2021\/11\/pic01.jpg\" \/>\n<meta name=\"twitter:card\" content=\"summary_large_image\" \/>\n<meta name=\"twitter:label1\" content=\"Est. reading time\" \/>\n\t<meta name=\"twitter:data1\" content=\"3 minutes\" \/>\n<script type=\"application\/ld+json\" class=\"yoast-schema-graph\">{\"@context\":\"https:\\\/\\\/schema.org\",\"@graph\":[{\"@type\":\"WebPage\",\"@id\":\"https:\\\/\\\/siljasdesign.com\\\/en\\\/about-me\\\/\",\"url\":\"https:\\\/\\\/siljasdesign.com\\\/en\\\/about-me\\\/\",\"name\":\"About me - Siljas Design\",\"isPartOf\":{\"@id\":\"https:\\\/\\\/siljasdesign.com\\\/en\\\/#website\"},\"primaryImageOfPage\":{\"@id\":\"https:\\\/\\\/siljasdesign.com\\\/en\\\/about-me\\\/#primaryimage\"},\"image\":{\"@id\":\"https:\\\/\\\/siljasdesign.com\\\/en\\\/about-me\\\/#primaryimage\"},\"thumbnailUrl\":\"https:\\\/\\\/siljasdesign.com\\\/wp-content\\\/uploads\\\/2021\\\/11\\\/pic01.jpg\",\"datePublished\":\"2022-02-17T09:39:21+00:00\",\"dateModified\":\"2022-02-23T11:48:19+00:00\",\"breadcrumb\":{\"@id\":\"https:\\\/\\\/siljasdesign.com\\\/en\\\/about-me\\\/#breadcrumb\"},\"inLanguage\":\"en-US\",\"potentialAction\":[{\"@type\":\"ReadAction\",\"target\":[\"https:\\\/\\\/siljasdesign.com\\\/en\\\/about-me\\\/\"]}]},{\"@type\":\"ImageObject\",\"inLanguage\":\"en-US\",\"@id\":\"https:\\\/\\\/siljasdesign.com\\\/en\\\/about-me\\\/#primaryimage\",\"url\":\"https:\\\/\\\/siljasdesign.com\\\/wp-content\\\/uploads\\\/2021\\\/11\\\/pic01.jpg\",\"contentUrl\":\"https:\\\/\\\/siljasdesign.com\\\/wp-content\\\/uploads\\\/2021\\\/11\\\/pic01.jpg\"},{\"@type\":\"BreadcrumbList\",\"@id\":\"https:\\\/\\\/siljasdesign.com\\\/en\\\/about-me\\\/#breadcrumb\",\"itemListElement\":[{\"@type\":\"ListItem\",\"position\":1,\"name\":\"Etusivu\",\"item\":\"https:\\\/\\\/siljasdesign.com\\\/en\\\/\"},{\"@type\":\"ListItem\",\"position\":2,\"name\":\"About me\"}]},{\"@type\":\"WebSite\",\"@id\":\"https:\\\/\\\/siljasdesign.com\\\/en\\\/#website\",\"url\":\"https:\\\/\\\/siljasdesign.com\\\/en\\\/\",\"name\":\"Siljas Design\",\"description\":\"K\u00e4sintehdyist\u00e4 koruistani l\u00f6yd\u00e4t luonnon\",\"publisher\":{\"@id\":\"https:\\\/\\\/siljasdesign.com\\\/en\\\/#organization\"},\"alternateName\":\"Suomalaiset k\u00e4sintehdyt korut\",\"potentialAction\":[{\"@type\":\"SearchAction\",\"target\":{\"@type\":\"EntryPoint\",\"urlTemplate\":\"https:\\\/\\\/siljasdesign.com\\\/en\\\/?s={search_term_string}\"},\"query-input\":{\"@type\":\"PropertyValueSpecification\",\"valueRequired\":true,\"valueName\":\"search_term_string\"}}],\"inLanguage\":\"en-US\"},{\"@type\":\"Organization\",\"@id\":\"https:\\\/\\\/siljasdesign.com\\\/en\\\/#organization\",\"name\":\"Silja's Design\",\"alternateName\":\"Suomalaisia k\u00e4sintehtyj\u00e4 koruja\",\"url\":\"https:\\\/\\\/siljasdesign.com\\\/en\\\/\",\"logo\":{\"@type\":\"ImageObject\",\"inLanguage\":\"en-US\",\"@id\":\"https:\\\/\\\/siljasdesign.com\\\/en\\\/#\\\/schema\\\/logo\\\/image\\\/\",\"url\":\"https:\\\/\\\/siljasdesign.com\\\/wp-content\\\/uploads\\\/2021\\\/11\\\/footer-logo-1.jpg\",\"contentUrl\":\"https:\\\/\\\/siljasdesign.com\\\/wp-content\\\/uploads\\\/2021\\\/11\\\/footer-logo-1.jpg\",\"width\":344,\"height\":332,\"caption\":\"Silja's Design\"},\"image\":{\"@id\":\"https:\\\/\\\/siljasdesign.com\\\/en\\\/#\\\/schema\\\/logo\\\/image\\\/\"},\"sameAs\":[\"https:\\\/\\\/www.facebook.com\\\/profile.php?id=100067381436710\",\"https:\\\/\\\/www.instagram.com\\\/siljasdesign\\\/\"]}]}<\/script>\n<!-- \/ Yoast SEO plugin. -->","yoast_head_json":{"title":"About me - Siljas Design","robots":{"index":"index","follow":"follow","max-snippet":"max-snippet:-1","max-image-preview":"max-image-preview:large","max-video-preview":"max-video-preview:-1"},"canonical":"https:\/\/siljasdesign.com\/en\/about-me\/","og_locale":"en_US","og_type":"article","og_title":"About me - Siljas Design","og_url":"https:\/\/siljasdesign.com\/en\/about-me\/","og_site_name":"Siljas Design","article_publisher":"https:\/\/www.facebook.com\/profile.php?id=100067381436710","article_modified_time":"2022-02-23T11:48:19+00:00","og_image":[{"url":"https:\/\/siljasdesign.com\/wp-content\/uploads\/2021\/11\/pic01.jpg","type":"","width":"","height":""}],"twitter_card":"summary_large_image","twitter_misc":{"Est. reading time":"3 minutes"},"schema":{"@context":"https:\/\/schema.org","@graph":[{"@type":"WebPage","@id":"https:\/\/siljasdesign.com\/en\/about-me\/","url":"https:\/\/siljasdesign.com\/en\/about-me\/","name":"About me - Siljas Design","isPartOf":{"@id":"https:\/\/siljasdesign.com\/en\/#website"},"primaryImageOfPage":{"@id":"https:\/\/siljasdesign.com\/en\/about-me\/#primaryimage"},"image":{"@id":"https:\/\/siljasdesign.com\/en\/about-me\/#primaryimage"},"thumbnailUrl":"https:\/\/siljasdesign.com\/wp-content\/uploads\/2021\/11\/pic01.jpg","datePublished":"2022-02-17T09:39:21+00:00","dateModified":"2022-02-23T11:48:19+00:00","breadcrumb":{"@id":"https:\/\/siljasdesign.com\/en\/about-me\/#breadcrumb"},"inLanguage":"en-US","potentialAction":[{"@type":"ReadAction","target":["https:\/\/siljasdesign.com\/en\/about-me\/"]}]},{"@type":"ImageObject","inLanguage":"en-US","@id":"https:\/\/siljasdesign.com\/en\/about-me\/#primaryimage","url":"https:\/\/siljasdesign.com\/wp-content\/uploads\/2021\/11\/pic01.jpg","contentUrl":"https:\/\/siljasdesign.com\/wp-content\/uploads\/2021\/11\/pic01.jpg"},{"@type":"BreadcrumbList","@id":"https:\/\/siljasdesign.com\/en\/about-me\/#breadcrumb","itemListElement":[{"@type":"ListItem","position":1,"name":"Etusivu","item":"https:\/\/siljasdesign.com\/en\/"},{"@type":"ListItem","position":2,"name":"About me"}]},{"@type":"WebSite","@id":"https:\/\/siljasdesign.com\/en\/#website","url":"https:\/\/siljasdesign.com\/en\/","name":"Siljas Design","description":"K\u00e4sintehdyist\u00e4 koruistani l\u00f6yd\u00e4t luonnon","publisher":{"@id":"https:\/\/siljasdesign.com\/en\/#organization"},"alternateName":"Suomalaiset k\u00e4sintehdyt korut","potentialAction":[{"@type":"SearchAction","target":{"@type":"EntryPoint","urlTemplate":"https:\/\/siljasdesign.com\/en\/?s={search_term_string}"},"query-input":{"@type":"PropertyValueSpecification","valueRequired":true,"valueName":"search_term_string"}}],"inLanguage":"en-US"},{"@type":"Organization","@id":"https:\/\/siljasdesign.com\/en\/#organization","name":"Silja's Design","alternateName":"Suomalaisia k\u00e4sintehtyj\u00e4 koruja","url":"https:\/\/siljasdesign.com\/en\/","logo":{"@type":"ImageObject","inLanguage":"en-US","@id":"https:\/\/siljasdesign.com\/en\/#\/schema\/logo\/image\/","url":"https:\/\/siljasdesign.com\/wp-content\/uploads\/2021\/11\/footer-logo-1.jpg","contentUrl":"https:\/\/siljasdesign.com\/wp-content\/uploads\/2021\/11\/footer-logo-1.jpg","width":344,"height":332,"caption":"Silja's Design"},"image":{"@id":"https:\/\/siljasdesign.com\/en\/#\/schema\/logo\/image\/"},"sameAs":["https:\/\/www.facebook.com\/profile.php?id=100067381436710","https:\/\/www.instagram.com\/siljasdesign\/"]}]}},"_links":{"self":[{"href":"https:\/\/siljasdesign.com\/en\/wp-json\/wp\/v2\/pages\/1628","targetHints":{"allow":["GET"]}}],"collection":[{"href":"https:\/\/siljasdesign.com\/en\/wp-json\/wp\/v2\/pages"}],"about":[{"href":"https:\/\/siljasdesign.com\/en\/wp-json\/wp\/v2\/types\/page"}],"author":[{"embeddable":true,"href":"https:\/\/siljasdesign.com\/en\/wp-json\/wp\/v2\/users\/1"}],"replies":[{"embeddable":true,"href":"https:\/\/siljasdesign.com\/en\/wp-json\/wp\/v2\/comments?post=1628"}],"version-history":[{"count":4,"href":"https:\/\/siljasdesign.com\/en\/wp-json\/wp\/v2\/pages\/1628\/revisions"}],"predecessor-version":[{"id":1669,"href":"https:\/\/siljasdesign.com\/en\/wp-json\/wp\/v2\/pages\/1628\/revisions\/1669"}],"wp:attachment":[{"href":"https:\/\/siljasdesign.com\/en\/wp-json\/wp\/v2\/media?parent=1628"}],"curies":[{"name":"wp","href":"https:\/\/api.w.org\/{rel}","templated":true}]}}